{"id":2914,"date":"2014-10-14T09:29:24","date_gmt":"2014-10-14T09:29:24","guid":{"rendered":"http:\/\/themes.themegoods2.com\/altair\/?page_id=2914"},"modified":"2015-02-28T14:00:33","modified_gmt":"2015-02-28T14:00:33","slug":"contact-us","status":"publish","type":"page","link":"http:\/\/www.tripstravels.net\/?page_id=2914","title":{"rendered":"Contacto"},"content":{"rendered":"<h4>Comun\u00edquese con nosotros<\/h4>\n<p>Puede contactarse a trav\u00e9s de cualquiera de nuestras v\u00edas de comunicaci\u00f3n o env\u00edenos un mensaje desde el formulario en esta pagina.<\/p>\n","protected":false},"excerpt":{"rendered":"<p>Comun\u00edquese con nosotros Puede contactarse a trav\u00e9s de cualquiera de nuestras v\u00edas de comunicaci\u00f3n o env\u00edenos un mensaje desde el formulario en esta pagina.<\/p>\n","protected":false},"author":1,"featured_media":2749,"parent":0,"menu_order":0,"comment_status":"open","ping_status":"open","template":"contact.php","meta":{"footnotes":""},"class_list":["post-2914","page","type-page","status-publish","has-post-thumbnail","hentry"],"publishpress_future_action":{"enabled":false,"date":"2026-04-11 05:55:02","action":"change-status","newStatus":"draft","terms":[],"taxonomy":"","extraData":[]},"publishpress_future_workflow_manual_trigger":{"enabledWorkflows":[]},"_links":{"self":[{"href":"http:\/\/www.tripstravels.net\/index.php?rest_route=\/wp\/v2\/pages\/2914","targetHints":{"allow":["GET"]}}],"collection":[{"href":"http:\/\/www.tripstravels.net\/index.php?rest_route=\/wp\/v2\/pages"}],"about":[{"href":"http:\/\/www.tripstravels.net\/index.php?rest_route=\/wp\/v2\/types\/page"}],"author":[{"embeddable":true,"href":"http:\/\/www.tripstravels.net\/index.php?rest_route=\/wp\/v2\/users\/1"}],"replies":[{"embeddable":true,"href":"http:\/\/www.tripstravels.net\/index.php?rest_route=%2Fwp%2Fv2%2Fcomments&post=2914"}],"version-history":[{"count":3,"href":"http:\/\/www.tripstravels.net\/index.php?rest_route=\/wp\/v2\/pages\/2914\/revisions"}],"predecessor-version":[{"id":3319,"href":"http:\/\/www.tripstravels.net\/index.php?rest_route=\/wp\/v2\/pages\/2914\/revisions\/3319"}],"wp:featuredmedia":[{"embeddable":true,"href":"http:\/\/www.tripstravels.net\/index.php?rest_route=\/"}],"wp:attachment":[{"href":"http:\/\/www.tripstravels.net\/index.php?rest_route=%2Fwp%2Fv2%2Fmedia&parent=2914"}],"curies":[{"name":"wp","href":"https:\/\/api.w.org\/{rel}","templated":true}]}}